{"id":7,"date":"2016-05-10T09:18:27","date_gmt":"2016-05-10T08:18:27","guid":{"rendered":"http:\/\/2016.ostravskamuzejninoc.cz\/subdom\/2016\/?page_id=7"},"modified":"2016-06-08T11:05:43","modified_gmt":"2016-06-08T10:05:43","slug":"program","status":"publish","type":"page","link":"https:\/\/2016.ostravskamuzejninoc.cz\/pl\/","title":{"rendered":"Program"},"content":{"rendered":"<p>W sobot\u0119 11.czerwca 2016 ponownie po zmierzchu zostan\u0105 otwarte najr\u00f3\u017cniejsze muzea, galerie i dalsze instytucje kultury w Ostrawie. Ju\u017c po raz \u00f3smy odb\u0119dzie si\u0119 Mi\u0119dzynarodowy Festiwal Ostrawska Noc Muze\u00f3w. Od godz. 17 do p\u00f3\u0142nocy w Ostrawie przedstawi si\u0119 wsp\u00f3lnie 33 instytucji pa\u0144stwowych, po\u017cytku spo\u0142ecznego oraz prywatnych, kt\u00f3re w\u0142\u0105czaj\u0105 si\u0119 do \u017cycia kulturalnego miasta i wojew\u00f3dztwa morawsko-\u015bl\u0105skiego.<br \/>\nTak\u017ce w tym roku Festiwal zape\u0142ni si\u0119 nowymi uczestnikami \u2013 Narodowy Instytut Zabytk\u00f3w dla zwiedzaj\u0105cych przygotuje wystawy, prelekcje o architekturze i badaniach budowlano-architektonicznych Instytutu oraz zwiedzanie nowego budynku z przewodnikiem. Cyrk troch\u0119 inaczej w\u0142\u0105czy si\u0119 sobotnim programem Festiwalu Cirkulum. Festiwal zaoferuje sztuk\u0119 ulicy, w ramach kt\u00f3rego wyst\u0105pi\u0105 arty\u015bci cyrkusowi z ca\u0142ego \u015bwiata, dla dzieci i doros\u0142ych przygotuje warsztaty tw\u00f3rcze i interaktywny Fun park. Go\u015bciem wieczoru w Muzeum Ostrawskim b\u0119dzie hawierzowskie towarzystwo D\u016fl architektury ( Kopalnia Architektury). Centrum zainteresowania prelekcjami i prezentacji stanie si\u0119zapewne budynek hawierzowskiego dworca kolejowego i jego artystyczna dekoracja. Ostratnim, ale nie mniej wa\u017cnym, nowym uczestnikiem Festiwalu jest szko\u0142a muzyczna Pop Academy. Jej najbardziej utalentowani wykonawcy powiod\u0105 nas swoimi g\u0142osami przez ca\u0142\u0105 plejad\u0119 styl\u00f3w muzycznych.<br \/>\nDzi\u0119ki systemowi rezerwacji on-line r\u00f3wnie\u017c i w tym roku mo\u017cecie Pa\u0144stwo unikn\u0105\u0107 czekania w kolejk\u00e1ch. Symbol REZERVACE (Rezerwacja) znajd\u0105 Pa\u0144stwo przy imprezach, na kt\u00f3re jest dogodne zarezerwowa\u0107 miejsce. Wszystkie dalsze informacje s\u0105 do dyspozycji na stronach webowych www.ostravskamuzejninoc.cz i na Facebooku.<br \/>\nZapraszamy Pa\u0144stwa do skorzystania z wyj\u0105tkowego programu kulturalnego gratis i wyprawienia si\u0119 z nami na nietradycyjne nocne wa\u0142\u0119sanie si\u0119 w poszukiwaniu przygody i zabawy. R\u00f3wnie\u017c i w tym roku do dyspozycji Pa\u0144stwa b\u0119d\u0105 specjalne linie autobusowe, kt\u00f3re przewioz\u0105 Pa\u0144stwa za darmo z imprezy na imprez\u0119.<br \/>\nUroczyste otwarcie Festiwalu nast\u0105pi przed budynkiem Nowego Ratusza na placu Proke\u0161a o godz: 18. W obecno\u015bci prezydenta miasta i przedstawicieli organizuj\u0105cych Noc instytucji przez wypuszczenie baniek mydlanych \u2013 damy sygna\u0142 do rozpocz\u0119cia Festiwalu. (przyrz\u0105dy do robienia baniek mydlanych b\u0119dzie mo\u017cna wypo\u017cyczy\u0107 na miejscu).<\/p>","protected":false},"excerpt":{"rendered":"<p>W sobot\u0119 11.czerwca 2016 ponownie po zmierzchu zostan\u0105<a class=\"read-more\" href=\"https:\/\/2016.ostravskamuzejninoc.cz\/pl\/\">Pokra\u010dovat<\/a><\/p>\n","protected":false},"author":1,"featured_media":0,"parent":0,"menu_order":0,"comment_status":"closed","ping_status":"closed","template":"","meta":[],"_links":{"self":[{"href":"https:\/\/2016.ostravskamuzejninoc.cz\/pl\/wp-json\/wp\/v2\/pages\/7"}],"collection":[{"href":"https:\/\/2016.ostravskamuzejninoc.cz\/pl\/wp-json\/wp\/v2\/pages"}],"about":[{"href":"https:\/\/2016.ostravskamuzejninoc.cz\/pl\/wp-json\/wp\/v2\/types\/page"}],"author":[{"embeddable":true,"href":"https:\/\/2016.ostravskamuzejninoc.cz\/pl\/wp-json\/wp\/v2\/users\/1"}],"replies":[{"embeddable":true,"href":"https:\/\/2016.ostravskamuzejninoc.cz\/pl\/wp-json\/wp\/v2\/comments?post=7"}],"version-history":[{"count":8,"href":"https:\/\/2016.ostravskamuzejninoc.cz\/pl\/wp-json\/wp\/v2\/pages\/7\/revisions"}],"predecessor-version":[{"id":642,"href":"https:\/\/2016.ostravskamuzejninoc.cz\/pl\/wp-json\/wp\/v2\/pages\/7\/revisions\/642"}],"wp:attachment":[{"href":"https:\/\/2016.ostravskamuzejninoc.cz\/pl\/wp-json\/wp\/v2\/media?parent=7"}],"curies":[{"name":"wp","href":"https:\/\/api.w.org\/{rel}","templated":true}]}}