{"id":542,"date":"2016-05-26T15:21:03","date_gmt":"2016-05-26T14:21:03","guid":{"rendered":"http:\/\/2016.ostravskamuzejninoc.cz\/subdom\/2016\/?page_id=542"},"modified":"2016-05-26T15:21:03","modified_gmt":"2016-05-26T14:21:03","slug":"kontakt","status":"publish","type":"page","link":"https:\/\/2016.ostravskamuzejninoc.cz\/pl\/kontakt\/","title":{"rendered":"Kontakt"},"content":{"rendered":"<h2>PhDr. Jana \u0160ruba\u0159ov\u00e1<\/h2>\n<p>Tiskov\u00e1 mluv\u010d\u00ed a PR Galerie v\u00fdtvarn\u00e9ho um\u011bn\u00ed v Ostrav\u011b<\/p>\n<p>e-mail: <a href=\"mailto:srubarova@gvuo.cz\">srubarova@gvuo.cz<\/a><br \/>\ntel.: 731 691 563, 596 112 566<\/p>\n<h2>Bc. Andrea W\u0119glarzyov\u00e1<\/h2>\n<p>Ostravsk\u00e9 muzeum<\/p>\n<p>email: <a href=\"mailto:andrea.weg@ostrmuz.cz\">andrea.weg@ostrmuz.cz<\/a><br \/>\ntel.: 777 012 808, 597 578 468<\/p>\n","protected":false},"excerpt":{"rendered":"<p>PhDr. Jana \u0160ruba\u0159ov\u00e1 Tiskov\u00e1 mluv\u010d\u00ed a PR Galerie<a class=\"read-more\" href=\"https:\/\/2016.ostravskamuzejninoc.cz\/pl\/kontakt\/\">Pokra\u010dovat<\/a><\/p>\n","protected":false},"author":1,"featured_media":0,"parent":0,"menu_order":7,"comment_status":"closed","ping_status":"closed","template":"","meta":[],"_links":{"self":[{"href":"https:\/\/2016.ostravskamuzejninoc.cz\/pl\/wp-json\/wp\/v2\/pages\/542"}],"collection":[{"href":"https:\/\/2016.ostravskamuzejninoc.cz\/pl\/wp-json\/wp\/v2\/pages"}],"about":[{"href":"https:\/\/2016.ostravskamuzejninoc.cz\/pl\/wp-json\/wp\/v2\/types\/page"}],"author":[{"embeddable":true,"href":"https:\/\/2016.ostravskamuzejninoc.cz\/pl\/wp-json\/wp\/v2\/users\/1"}],"replies":[{"embeddable":true,"href":"https:\/\/2016.ostravskamuzejninoc.cz\/pl\/wp-json\/wp\/v2\/comments?post=542"}],"version-history":[{"count":1,"href":"https:\/\/2016.ostravskamuzejninoc.cz\/pl\/wp-json\/wp\/v2\/pages\/542\/revisions"}],"predecessor-version":[{"id":543,"href":"https:\/\/2016.ostravskamuzejninoc.cz\/pl\/wp-json\/wp\/v2\/pages\/542\/revisions\/543"}],"wp:attachment":[{"href":"https:\/\/2016.ostravskamuzejninoc.cz\/pl\/wp-json\/wp\/v2\/media?parent=542"}],"curies":[{"name":"wp","href":"https:\/\/api.w.org\/{rel}","templated":true}]}}