{"id":526,"date":"2016-05-26T14:18:30","date_gmt":"2016-05-26T13:18:30","guid":{"rendered":"http:\/\/2016.ostravskamuzejninoc.cz\/subdom\/2016\/?page_id=526"},"modified":"2016-06-07T17:19:27","modified_gmt":"2016-06-07T16:19:27","slug":"rezervace","status":"publish","type":"page","link":"https:\/\/2016.ostravskamuzejninoc.cz\/pl\/rezervace\/","title":{"rendered":"Rezerwacja"},"content":{"rendered":"<p><\/p>\n<h3><span id=\"result_box\" class=\"\" lang=\"pl\">System rezerwacji b\u0119dzie trwa\u0142 6 czerwca 2016 roku w 19 <span class=\"\">godziny<\/span><\/span><\/h3>\n<p>&nbsp;<\/p>\n<h5>Galeria Sztuki w Ostrawie<\/h5>\n<h3>21.00\u201324.00 Warsztaty Malowanie \u015bwiat\u0142em<\/h3>\n<p>Prosimy uczestnik\u00f3w warsztat\u00f3w o przyniesienie w\u0142asnego statywu i aparatu fotograficznego ewentualnie kom\u00f3rki z funkcj\u0105 \u201ed\u0142ugi czas ekspozycji\u201d (wystarczy jeden aparat na dwie osoby czy na grup\u0119).<\/p>\n<p>W warsztatach mo\u017ce uczestniczy\u0107 maksymalnie:12 os\u00f3b<\/p>\n<p>21.00\u201322.00<\/p>\n<p>22.00\u201323.00<\/p>\n<p>23.00\u201324.00<\/p>\n<p>&nbsp;<\/p>\n<h5>TyfloCentrum Ostrawa<\/h5>\n<h3>18.00\u201323.00 \u017bycie w ciemno\u015bci<\/h3>\n<p>W\u00a0TyfloCentrum Ostrawa poka\u017cemy Pa\u0144stwu \u017cycie w ciemno\u015bci, inaczej m\u00f3wi\u0105c, to jakie przeszkody musi pokona\u0107 niewidomy np. przy przygotowaniu posi\u0142ku, dobraniu ubrania czy drodze do pracy. Mo\u017cecie Pa\u0144stwo tak\u017ce postrzela\u0107 z pistoletu d\u017awi\u0119kowego, a na maszynie Pichta wystuka\u0107 swoje nazwisko w alfabecie Braille&#8217;a.<\/p>\n<p>W warsztatach mo\u017ce uczestniczy\u0107: 14 os\u00f3b<\/p>\n<p>18.00\u201319.00<\/p>\n<p>19.00\u201320.00<\/p>\n<p>20.00\u201321.00<\/p>\n<p>21.00\u201322.00<\/p>\n<p>22.00\u201323.00<\/p>\n<p>&nbsp;<\/p>\n<h5>Zabytek Kultury Narodowej Kopalnia Micha\u0142<\/h5>\n<h3>19.00\u201323.30 \u015aladami dyrektora kopalni<\/h3>\n<p>Nocne p\u00f3\u0142godzinne zwiedzanie budynku administracyjnego kopalni, na kt\u00f3rego ko\u0144cu b\u0119dzie mo\u017cna zajrze\u0107 tak\u017ce do nowo otwartej ekspozycji biura dyrektora kopalni z unikalnymi przedmiotami z kolekcji g\u00f3rniczych. Cz\u0119\u015bci\u0105 zwiedzania jest i og\u00f3lnopa\u0144stwowa wystawa konkursowa stowarzyszenia FOTOKLUBU OSTRAVA, kt\u00f3ra b\u0119dzie zainstalowana w szatni \u0142a\u0144cuchowej i w ten dzie\u0144 uroczy\u015bcie otwarta.<\/p>\n<p>Grupy: 25 os\u00f3b<\/p>\n<p>19.00\u201319.30<\/p>\n<p>19.30\u201320.00<\/p>\n<p>20.00\u201320.30<\/p>\n<p>20.30\u201321.00<\/p>\n<p>21.00\u201321.30<\/p>\n<p>21.30\u201322.00<\/p>\n<p>22.00\u201322.30<\/p>\n<p>22.30\u201323.00<\/p>\n<p>23.00\u201323.30<\/p>\n<p>&nbsp;<\/p>\n<h5>Czeskie radio Ostrawa<\/h5>\n<h3>19.00\u201322.00 Ekskluzywne zwiedzanie studia. Pocz\u0105tek zwiedzania co p\u00f3\u0142 godziny<\/h3>\n<p>Grupy: 15 os\u00f3b<\/p>\n<p>19.00\u201319.30<\/p>\n<p>19.30\u201320.00<\/p>\n<p>20.00\u201320.30<\/p>\n<p>20.30\u201321.00<\/p>\n<p>21.00\u201321.30<\/p>\n<p>21.30\u201322.00<\/p>\n<p>22.00\u201322.30<\/p>\n<p>&nbsp;<\/p>\n<h5>Galeria INDUSTRIAL<\/h5>\n<h3>19.00\u201320.00\u00a0 Galeryjna animacja dla dzieci 6\u201312 let<\/h3>\n<p>Grupy: 8 dzieci<\/p>\n<p>19.00\u201320.00<\/p>\n<p>&nbsp;<\/p>\n<h5>Minikino kawiarnia<\/h5>\n<h3>15.00\u201316.15 Aldabra: By\u0142a kiedy\u015b jedna wyspa<\/h3>\n<p>Zarezerwowanie bezp\u0142atnych wej\u015bci\u00f3wek jest koniczne na naszym webie <a href=\"https:\/\/www.minikino.cz\" target=\"_blank\">www.minikino.cz<\/a><\/p>\n<h3>17.00\u201318.30\u00a0 Dzieje lasu<\/h3>\n<p>(Francja 2015)<\/p>\n<p>Po zachwycaj\u0105cych dokumentach Mikrokosmos, Ptasi \u015bwiat i\u00a0 Oceany Jasques Perrin i Jasques \u00a0Cluzaud przychodz\u0105 z Dziejami lasu. Na dziesi\u0105tkach miejsc w Europie tw\u00f3rcy kr\u0119cili ten film najnowocze\u015bniejsz\u0105 technik\u0105. Powsta\u0142 tak autentyczny zapis dziej\u00f3w lasu od czas\u00f3w epoki lodowej do dnia dzisiejszego, oddaj\u0105cy fantastyczn\u0105 karuzel\u0119 \u017cycia, kt\u00f3ry zaw\u0142adnie fantazj\u0105 doros\u0142ych i m\u0142odych widz\u00f3w.<\/p>\n<p>Wej\u015bci\u00f3wka ze zni\u017ck\u0105\u00a0 20 koron.<\/p>\n<p>Rezerwacja bezp\u0142atnych wej\u015bci\u00f3wek na naszym webie <a href=\"https:\/\/www.minikino.cz\" target=\"_blank\">www.minikino.cz<\/a><\/p>\n<h3>\u00a019.30\u201321.00 Leonardo da Vinci \u2013 Geniusz w Mediolanie<\/h3>\n<p>Przy okazji najwa\u017cniejszego wydarzenia kulturalnego EXPO 2015 w Mediolanie odby\u0142a si\u0119 tak\u017ce unikatowa wystawa\u00a0 \u201eLeonardo 1452\u20131519\u201c, na kt\u00f3rej pokazano najciekawsze dzie\u0142a Leonarda da Vinci. Ekspozycja by\u0142a efektem sze\u015bcioletniej pracy specjalist\u00f3w, kt\u00f3rej teraz z wykorzystaniem nowoczesnych technologii filmowych mo\u017cecie Pa\u0144stwo zakosztowa\u0107 w swoim kinie.<\/p>\n<p>Bilety zni\u017ckowe: 50 koron<\/p>\n<p>Rezerwacja bezp\u0142atnych wej\u015bci\u00f3wek na naszym webie<\/p>\n<p><a href=\"https:\/\/www.minikino.cz\" target=\"_blank\">www.minikino.cz<\/a><\/p>","protected":false},"excerpt":{"rendered":"<p>System rezerwacji b\u0119dzie trwa\u0142 6 czerwca 2016 roku<a class=\"read-more\" href=\"https:\/\/2016.ostravskamuzejninoc.cz\/pl\/rezervace\/\">Pokra\u010dovat<\/a><\/p>\n","protected":false},"author":1,"featured_media":0,"parent":0,"menu_order":4,"comment_status":"closed","ping_status":"closed","template":"","meta":[],"_links":{"self":[{"href":"https:\/\/2016.ostravskamuzejninoc.cz\/pl\/wp-json\/wp\/v2\/pages\/526"}],"collection":[{"href":"https:\/\/2016.ostravskamuzejninoc.cz\/pl\/wp-json\/wp\/v2\/pages"}],"about":[{"href":"https:\/\/2016.ostravskamuzejninoc.cz\/pl\/wp-json\/wp\/v2\/types\/page"}],"author":[{"embeddable":true,"href":"https:\/\/2016.ostravskamuzejninoc.cz\/pl\/wp-json\/wp\/v2\/users\/1"}],"replies":[{"embeddable":true,"href":"https:\/\/2016.ostravskamuzejninoc.cz\/pl\/wp-json\/wp\/v2\/comments?post=526"}],"version-history":[{"count":26,"href":"https:\/\/2016.ostravskamuzejninoc.cz\/pl\/wp-json\/wp\/v2\/pages\/526\/revisions"}],"predecessor-version":[{"id":634,"href":"https:\/\/2016.ostravskamuzejninoc.cz\/pl\/wp-json\/wp\/v2\/pages\/526\/revisions\/634"}],"wp:attachment":[{"href":"https:\/\/2016.ostravskamuzejninoc.cz\/pl\/wp-json\/wp\/v2\/media?parent=526"}],"curies":[{"name":"wp","href":"https:\/\/api.w.org\/{rel}","templated":true}]}}