{"id":524,"date":"2016-05-26T14:12:30","date_gmt":"2016-05-26T13:12:30","guid":{"rendered":"http:\/\/2016.ostravskamuzejninoc.cz\/subdom\/2016\/?page_id=524"},"modified":"2016-06-01T12:32:25","modified_gmt":"2016-06-01T11:32:25","slug":"doprava","status":"publish","type":"page","link":"https:\/\/2016.ostravskamuzejninoc.cz\/en\/doprava\/","title":{"rendered":"Transport"},"content":{"rendered":"<p>Public Transport Company Ostrava will organise special free-of-charge bus lines that will ensure transport of visitors between places of Ostrava Museum Night. There will be four bus lines indicated by letters A, B, C, and D with a shared starting point V\u00fdstavi\u0161t\u011b. The buses depart each 5th, 25th and 45th minute in an hour. 20th minutu. On V\u00fdstavi\u0161t\u011b stop it will be possible to change buses so that visitors can see all the places of interest.<\/p>\n<p>Transport on all museum lines is free-of-charge.<\/p>\n<p><a href=\"https:\/\/2016.ostravskamuzejninoc.cz\/subdom\/2016\/wp-content\/uploads\/2016\/05\/jr_omn_2016_01.pdf\" target=\"_blank\"><img loading=\"lazy\" class=\"alignnone wp-image-575 size-full\" src=\"https:\/\/2016.ostravskamuzejninoc.cz\/\/wp-content\/uploads\/2016\/05\/jr_omn_2016_01.jpg\" alt=\"jr_omn_2016_01\" width=\"400\" height=\"555\" srcset=\"https:\/\/2016.ostravskamuzejninoc.cz\/wp-content\/uploads\/2016\/05\/jr_omn_2016_01.jpg 400w, https:\/\/2016.ostravskamuzejninoc.cz\/wp-content\/uploads\/2016\/05\/jr_omn_2016_01-216x300.jpg 216w\" sizes=\"(max-width: 400px) 100vw, 400px\" \/><\/a><\/p>\n<p><a href=\"https:\/\/2016.ostravskamuzejninoc.cz\/subdom\/2016\/wp-content\/uploads\/2016\/05\/jr_omn_2016_02.pdf\" target=\"_blank\"><img loading=\"lazy\" class=\"alignnone wp-image-578 size-full\" src=\"https:\/\/2016.ostravskamuzejninoc.cz\/\/wp-content\/uploads\/2016\/05\/jr_omn_2016_01b.jpg\" alt=\"jr_omn_2016_01b\" width=\"400\" height=\"559\" srcset=\"https:\/\/2016.ostravskamuzejninoc.cz\/wp-content\/uploads\/2016\/05\/jr_omn_2016_01b.jpg 400w, https:\/\/2016.ostravskamuzejninoc.cz\/wp-content\/uploads\/2016\/05\/jr_omn_2016_01b-215x300.jpg 215w\" sizes=\"(max-width: 400px) 100vw, 400px\" \/><\/a><\/p>\n<p><a href=\"https:\/\/2016.ostravskamuzejninoc.cz\/subdom\/2016\/wp-content\/uploads\/2016\/05\/jr_omn_2016_03.pdf\" target=\"_blank\"><img loading=\"lazy\" class=\"alignnone wp-image-577 size-full\" src=\"https:\/\/2016.ostravskamuzejninoc.cz\/\/wp-content\/uploads\/2016\/05\/jr_omn_2016_03.jpg\" alt=\"jr_omn_2016_03\" width=\"600\" height=\"424\" srcset=\"https:\/\/2016.ostravskamuzejninoc.cz\/wp-content\/uploads\/2016\/05\/jr_omn_2016_03.jpg 600w, https:\/\/2016.ostravskamuzejninoc.cz\/wp-content\/uploads\/2016\/05\/jr_omn_2016_03-300x212.jpg 300w, https:\/\/2016.ostravskamuzejninoc.cz\/wp-content\/uploads\/2016\/05\/jr_omn_2016_03-520x367.jpg 520w\" sizes=\"(max-width: 600px) 100vw, 600px\" \/><\/a><\/p>","protected":false},"excerpt":{"rendered":"<p>Public Transport Company Ostrava will organise special free-of-charge<a class=\"read-more\" href=\"https:\/\/2016.ostravskamuzejninoc.cz\/en\/doprava\/\">Pokra\u010dovat<\/a><\/p>\n","protected":false},"author":1,"featured_media":0,"parent":0,"menu_order":3,"comment_status":"closed","ping_status":"closed","template":"","meta":[],"_links":{"self":[{"href":"https:\/\/2016.ostravskamuzejninoc.cz\/en\/wp-json\/wp\/v2\/pages\/524"}],"collection":[{"href":"https:\/\/2016.ostravskamuzejninoc.cz\/en\/wp-json\/wp\/v2\/pages"}],"about":[{"href":"https:\/\/2016.ostravskamuzejninoc.cz\/en\/wp-json\/wp\/v2\/types\/page"}],"author":[{"embeddable":true,"href":"https:\/\/2016.ostravskamuzejninoc.cz\/en\/wp-json\/wp\/v2\/users\/1"}],"replies":[{"embeddable":true,"href":"https:\/\/2016.ostravskamuzejninoc.cz\/en\/wp-json\/wp\/v2\/comments?post=524"}],"version-history":[{"count":4,"href":"https:\/\/2016.ostravskamuzejninoc.cz\/en\/wp-json\/wp\/v2\/pages\/524\/revisions"}],"predecessor-version":[{"id":581,"href":"https:\/\/2016.ostravskamuzejninoc.cz\/en\/wp-json\/wp\/v2\/pages\/524\/revisions\/581"}],"wp:attachment":[{"href":"https:\/\/2016.ostravskamuzejninoc.cz\/en\/wp-json\/wp\/v2\/media?parent=524"}],"curies":[{"name":"wp","href":"https:\/\/api.w.org\/{rel}","templated":true}]}}